{"id":31,"date":"2026-03-10T07:59:38","date_gmt":"2026-03-10T07:59:38","guid":{"rendered":"https:\/\/www.pouruneconstituante.com\/?page_id=31"},"modified":"2026-03-13T11:11:57","modified_gmt":"2026-03-13T11:11:57","slug":"definition-et-principes","status":"publish","type":"page","link":"http:\/\/www.pouruneconstituante.com\/index.php\/quest-ce-quune-constituante\/definition-et-principes\/","title":{"rendered":"D\u00e9finition et principes"},"content":{"rendered":"\t\t<div data-elementor-type=\"wp-page\" data-elementor-id=\"31\" class=\"elementor elementor-31\">\n\t\t\t\t<div class=\"elementor-element elementor-element-71fa7cf e-flex e-con-boxed e-con e-parent\" data-id=\"71fa7cf\" data-element_type=\"container\" data-e-type=\"container\">\n\t\t\t\t\t<div class=\"e-con-inner\">\n\t\t<div class=\"elementor-element elementor-element-84dba43 e-con-full e-flex e-con e-child\" data-id=\"84dba43\" data-element_type=\"container\" data-e-type=\"container\">\n\t\t\t\t<div class=\"elementor-element elementor-element-6483f98 elementor-widget elementor-widget-heading\" data-id=\"6483f98\" data-element_type=\"widget\" data-e-type=\"widget\" data-widget_type=\"heading.default\">\n\t\t\t\t\t<h2 class=\"elementor-heading-title elementor-size-default\">D\u00e9finition et principes d\u2019une Assembl\u00e9e constituante<\/h2>\t\t\t\t<\/div>\n\t\t\t\t<div class=\"elementor-element elementor-element-e2d8026 elementor-widget elementor-widget-text-editor\" data-id=\"e2d8026\" data-element_type=\"widget\" data-e-type=\"widget\" data-widget_type=\"text-editor.default\">\n\t\t\t\t\t\t\t\t\t<p data-start=\"661\" data-end=\"965\">Une Assembl\u00e9e constituante est une assembl\u00e9e \u00e9lue sp\u00e9cialement par les citoyens pour r\u00e9diger ou r\u00e9viser la Constitution. Elle a pour mission de d\u00e9finir les r\u00e8gles fondamentales qui organisent la vie politique : la r\u00e9partition des pouvoirs, le fonctionnement des institutions et les droits des citoyens.<\/p><p data-start=\"972\" data-end=\"1161\">Contrairement aux assembl\u00e9es ordinaires, une Constituante n\u2019exerce pas le pouvoir gouvernemental. Sa mission est exclusivement de d\u00e9finir le cadre dans lequel ce pouvoir pourra s\u2019exercer.<\/p><p data-start=\"1168\" data-end=\"1318\">Elle constitue un moment d\u00e9mocratique particulier dans lequel le peuple exerce directement sa souverainet\u00e9 en d\u00e9terminant les r\u00e8gles du jeu politique.<\/p>\t\t\t\t\t\t\t\t<\/div>\n\t\t\t\t<div class=\"elementor-element elementor-element-c2b39fb elementor-widget elementor-widget-text-editor\" data-id=\"c2b39fb\" data-element_type=\"widget\" data-e-type=\"widget\" data-widget_type=\"text-editor.default\">\n\t\t\t\t\t\t\t\t\t<p>Une Assembl\u00e9e constituante est une assembl\u00e9e \u00e9lue par les citoyens charg\u00e9e d\u2019\u00e9crire ou de r\u00e9viser la Constitution.<\/p>\t\t\t\t\t\t\t\t<\/div>\n\t\t\t\t<\/div>\n\t\t<div class=\"elementor-element elementor-element-df225aa e-con-full e-flex e-con e-child\" data-id=\"df225aa\" data-element_type=\"container\" data-e-type=\"container\" data-settings=\"{&quot;background_background&quot;:&quot;classic&quot;}\">\n\t\t\t\t<div class=\"elementor-element elementor-element-fad7e61 elementor-widget elementor-widget-heading\" data-id=\"fad7e61\" data-element_type=\"widget\" data-e-type=\"widget\" data-widget_type=\"heading.default\">\n\t\t\t\t\t<h2 class=\"elementor-heading-title elementor-size-default\">Comprendre la Constituante en 3 minutes<\/h2>\t\t\t\t<\/div>\n\t\t\t\t<div class=\"elementor-element elementor-element-b00c707 elementor-widget__width-initial elementor-widget elementor-widget-video\" data-id=\"b00c707\" data-element_type=\"widget\" data-e-type=\"widget\" data-settings=\"{&quot;youtube_url&quot;:&quot;https:\\\/\\\/youtu.be\\\/0xWKMn9DvGg&quot;,&quot;video_type&quot;:&quot;youtube&quot;,&quot;controls&quot;:&quot;yes&quot;}\" data-widget_type=\"video.default\">\n\t\t\t\t\t\t\t<div class=\"elementor-wrapper elementor-open-inline\">\n\t\t\t<div class=\"elementor-video\"><\/div>\t\t<\/div>\n\t\t\t\t\t\t<\/div>\n\t\t\t\t<\/div>\n\t\t\t\t\t<\/div>\n\t\t\t\t<\/div>\n\t\t<div class=\"elementor-element elementor-element-346725c e-flex e-con-boxed e-con e-parent\" data-id=\"346725c\" data-element_type=\"container\" data-e-type=\"container\" data-settings=\"{&quot;background_background&quot;:&quot;classic&quot;}\">\n\t\t\t\t\t<div class=\"e-con-inner\">\n\t\t\t\t<div class=\"elementor-element elementor-element-c92fa6c elementor-widget elementor-widget-text-editor\" data-id=\"c92fa6c\" data-element_type=\"widget\" data-e-type=\"widget\" data-widget_type=\"text-editor.default\">\n\t\t\t\t\t\t\t\t\t<h3 data-section-id=\"blsati\" data-start=\"1990\" data-end=\"2015\">Principe 1 \u2014 \u00c9lection<\/h3><blockquote data-start=\"2017\" data-end=\"2141\"><p data-start=\"2019\" data-end=\"2141\">Les membres de la Constituante sont \u00e9lus par les citoyens. Ils tiennent leur l\u00e9gitimit\u00e9 directement du suffrage populaire.<\/p><\/blockquote><h3 data-section-id=\"1vbupug\" data-start=\"2143\" data-end=\"2178\">Principe 2 \u2014 Mission sp\u00e9cifique<\/h3><blockquote data-start=\"2180\" data-end=\"2332\"><p data-start=\"2182\" data-end=\"2332\">La Constituante a pour seule mission de r\u00e9diger ou de r\u00e9viser la Constitution. Elle ne gouverne pas et n\u2019exerce pas les pouvoirs ordinaires de l\u2019\u00c9tat.<\/p><\/blockquote><h3 data-section-id=\"yy7hjo\" data-start=\"2334\" data-end=\"2372\">Principe 3 \u2014 D\u00e9lib\u00e9ration publique<\/h3><blockquote data-start=\"2374\" data-end=\"2527\"><p data-start=\"2376\" data-end=\"2527\">Les travaux de la Constituante doivent \u00eatre publics et nourris par le d\u00e9bat d\u00e9mocratique afin d\u2019associer les citoyens \u00e0 la d\u00e9finition des institutions.<\/p><\/blockquote><h3 data-section-id=\"1dk9pwq\" data-start=\"2529\" data-end=\"2568\">Principe 4 \u2014 Ratification populaire<\/h3><blockquote data-start=\"2570\" data-end=\"2683\"><p data-start=\"2572\" data-end=\"2683\">La Constitution \u00e9labor\u00e9e par la Constituante est g\u00e9n\u00e9ralement soumise \u00e0 l\u2019approbation du peuple par r\u00e9f\u00e9rendum.<\/p><\/blockquote>\t\t\t\t\t\t\t\t<\/div>\n\t\t\t\t\t<\/div>\n\t\t\t\t<\/div>\n\t\t<div class=\"elementor-element elementor-element-e4b8a8d e-flex e-con-boxed e-con e-parent\" data-id=\"e4b8a8d\" data-element_type=\"container\" data-e-type=\"container\">\n\t\t\t\t\t<div class=\"e-con-inner\">\n\t\t\t\t<div class=\"elementor-element elementor-element-7d21984 elementor-widget elementor-widget-heading\" data-id=\"7d21984\" data-element_type=\"widget\" data-e-type=\"widget\" data-widget_type=\"heading.default\">\n\t\t\t\t\t<h2 class=\"elementor-heading-title elementor-size-default\">Pourquoi la Constituante est un m\u00e9canisme d\u00e9mocratique ?<\/h2>\t\t\t\t<\/div>\n\t\t\t\t<div class=\"elementor-element elementor-element-7ee546a elementor-widget elementor-widget-text-editor\" data-id=\"7ee546a\" data-element_type=\"widget\" data-e-type=\"widget\" data-widget_type=\"text-editor.default\">\n\t\t\t\t\t\t\t\t\t<p data-start=\"2871\" data-end=\"3169\">Les assembl\u00e9es constituantes apparaissent dans l\u2019histoire lorsque les institutions existantes ne r\u00e9pondent plus aux attentes de la soci\u00e9t\u00e9. Elles permettent d\u2019ouvrir un moment d\u00e9mocratique au cours duquel les citoyens peuvent red\u00e9finir collectivement les r\u00e8gles fondamentales de la vie politique.<\/p><p data-start=\"3176\" data-end=\"3361\">En donnant au peuple la capacit\u00e9 d\u2019\u00e9crire ou de r\u00e9viser la Constitution, la Constituante renforce la l\u00e9gitimit\u00e9 des institutions et permet de refonder durablement le cadre d\u00e9mocratique.<\/p>\t\t\t\t\t\t\t\t<\/div>\n\t\t\t\t\t<\/div>\n\t\t\t\t<\/div>\n\t\t<div class=\"elementor-element elementor-element-9b4bc15 e-con-full e-flex e-con e-parent\" data-id=\"9b4bc15\" data-element_type=\"container\" data-e-type=\"container\" data-settings=\"{&quot;background_background&quot;:&quot;classic&quot;}\">\n\t\t\t\t<div class=\"elementor-element elementor-element-f0d99a6 elementor-widget elementor-widget-heading\" data-id=\"f0d99a6\" data-element_type=\"widget\" data-e-type=\"widget\" data-widget_type=\"heading.default\">\n\t\t\t\t\t<h2 class=\"elementor-heading-title elementor-size-default\">Constitution ou constituante ? <\/h2>\t\t\t\t<\/div>\n\t\t<div class=\"elementor-element elementor-element-f1fe7e0 e-con-full e-flex e-con e-child\" data-id=\"f1fe7e0\" data-element_type=\"container\" data-e-type=\"container\" data-settings=\"{&quot;background_background&quot;:&quot;classic&quot;}\">\n\t\t<div class=\"elementor-element elementor-element-459d7c1 e-con-full e-flex e-con e-child\" data-id=\"459d7c1\" data-element_type=\"container\" data-e-type=\"container\" data-settings=\"{&quot;background_background&quot;:&quot;classic&quot;}\">\n\t\t\t\t<div class=\"elementor-element elementor-element-8c4b069 elementor-widget elementor-widget-heading\" data-id=\"8c4b069\" data-element_type=\"widget\" data-e-type=\"widget\" data-widget_type=\"heading.default\">\n\t\t\t\t\t<h2 class=\"elementor-heading-title elementor-size-default\">La Constitution<\/h2>\t\t\t\t<\/div>\n\t\t\t\t<div class=\"elementor-element elementor-element-95ce38f elementor-widget elementor-widget-text-editor\" data-id=\"95ce38f\" data-element_type=\"widget\" data-e-type=\"widget\" data-widget_type=\"text-editor.default\">\n\t\t\t\t\t\t\t\t\t<p data-start=\"836\" data-end=\"946\"><span class=\"BZ_Pyq_fadeIn\">La <\/span><span class=\"BZ_Pyq_fadeIn\">Constitution <\/span><span class=\"BZ_Pyq_fadeIn\">est <\/span><span class=\"BZ_Pyq_fadeIn\">le <\/span><span class=\"BZ_Pyq_fadeIn\">texte <\/span><span class=\"BZ_Pyq_fadeIn\">fondamental <\/span><span class=\"BZ_Pyq_fadeIn\">qui <\/span><span class=\"BZ_Pyq_fadeIn\">organise <\/span><span class=\"BZ_Pyq_fadeIn\">la <\/span><span class=\"BZ_Pyq_fadeIn\">vie <\/span><span class=\"BZ_Pyq_fadeIn\">politique <\/span><span class=\"BZ_Pyq_fadeIn\">d\u2019un <\/span><span class=\"BZ_Pyq_fadeIn\">pays.<\/span><br data-start=\"917\" data-end=\"920\" \/><span class=\"BZ_Pyq_fadeIn\">Elle <\/span><span class=\"BZ_Pyq_fadeIn\">d\u00e9finit <\/span><span class=\"BZ_Pyq_fadeIn\">notamment :<\/span><\/p><p data-start=\"953\" data-end=\"1067\"><span class=\"BZ_Pyq_fadeIn\">\u2022 <\/span><span class=\"BZ_Pyq_fadeIn\">la <\/span><span class=\"BZ_Pyq_fadeIn\">r\u00e9partition <\/span><span class=\"BZ_Pyq_fadeIn\">des <\/span><span class=\"BZ_Pyq_fadeIn\">pouvoirs<\/span><br data-start=\"982\" data-end=\"985\" \/><span class=\"BZ_Pyq_fadeIn\">\u2022 <\/span><span class=\"BZ_Pyq_fadeIn\">le <\/span><span class=\"BZ_Pyq_fadeIn\">fonctionnement <\/span><span class=\"BZ_Pyq_fadeIn\">des <\/span><span class=\"BZ_Pyq_fadeIn\">institutions<\/span><br data-start=\"1023\" data-end=\"1026\" \/><span class=\"BZ_Pyq_fadeIn\">\u2022 <\/span><span class=\"BZ_Pyq_fadeIn\">les <\/span><span class=\"BZ_Pyq_fadeIn\">droits <\/span><span class=\"BZ_Pyq_fadeIn\">et <\/span><span class=\"BZ_Pyq_fadeIn\">libert\u00e9s <\/span><span class=\"BZ_Pyq_fadeIn\">des <\/span><span class=\"BZ_Pyq_fadeIn\">citoyens<\/span><\/p><p data-start=\"1074\" data-end=\"1150\"><span class=\"BZ_Pyq_fadeIn\">Elle <\/span><span class=\"BZ_Pyq_fadeIn\">constitue <\/span><span class=\"BZ_Pyq_fadeIn\">la <\/span><span class=\"BZ_Pyq_fadeIn\">r\u00e8gle <\/span><span class=\"BZ_Pyq_fadeIn\">supr\u00eame <\/span><span class=\"BZ_Pyq_fadeIn\">qui <\/span><span class=\"BZ_Pyq_fadeIn\">encadre <\/span><span class=\"BZ_Pyq_fadeIn\">l\u2019exercice <\/span><span class=\"BZ_Pyq_fadeIn\">du <\/span><span class=\"BZ_Pyq_fadeIn\">pouvoir <\/span><span class=\"BZ_Pyq_fadeIn\">politique.<\/span><\/p>\t\t\t\t\t\t\t\t<\/div>\n\t\t\t\t<\/div>\n\t\t<div class=\"elementor-element elementor-element-9e243d6 e-con-full e-flex e-con e-child\" data-id=\"9e243d6\" data-element_type=\"container\" data-e-type=\"container\" data-settings=\"{&quot;background_background&quot;:&quot;classic&quot;}\">\n\t\t\t\t<div class=\"elementor-element elementor-element-65ea89d elementor-widget elementor-widget-heading\" data-id=\"65ea89d\" data-element_type=\"widget\" data-e-type=\"widget\" data-widget_type=\"heading.default\">\n\t\t\t\t\t<h2 class=\"elementor-heading-title elementor-size-default\">La Constituante<\/h2>\t\t\t\t<\/div>\n\t\t\t\t<div class=\"elementor-element elementor-element-2a1502e elementor-widget elementor-widget-text-editor\" data-id=\"2a1502e\" data-element_type=\"widget\" data-e-type=\"widget\" data-widget_type=\"text-editor.default\">\n\t\t\t\t\t\t\t\t\t<p data-start=\"1257\" data-end=\"1366\"><span class=\"BZ_Pyq_fadeIn\">Une <\/span><span class=\"BZ_Pyq_fadeIn\">Assembl\u00e9e <\/span><span class=\"BZ_Pyq_fadeIn\">constituante <\/span><span class=\"BZ_Pyq_fadeIn\">est <\/span><span class=\"BZ_Pyq_fadeIn\">une <\/span><span class=\"BZ_Pyq_fadeIn\">assembl\u00e9e <\/span><span class=\"BZ_Pyq_fadeIn\">\u00e9lue <\/span><span class=\"BZ_Pyq_fadeIn\">par <\/span><span class=\"BZ_Pyq_fadeIn\">les <\/span><span class=\"BZ_Pyq_fadeIn\">citoyens <\/span><span class=\"BZ_Pyq_fadeIn\">pour <\/span><span class=\"BZ_Pyq_fadeIn\">r\u00e9diger <\/span><span class=\"BZ_Pyq_fadeIn\">ou <\/span><span class=\"BZ_Pyq_fadeIn\">r\u00e9viser <\/span><span class=\"BZ_Pyq_fadeIn\">la <\/span><span class=\"BZ_Pyq_fadeIn\">Constitution.<\/span><\/p><p data-start=\"1373\" data-end=\"1432\"><span class=\"BZ_Pyq_fadeIn\">Sa <\/span><span class=\"BZ_Pyq_fadeIn\">mission <\/span><span class=\"BZ_Pyq_fadeIn\">est <\/span><span class=\"BZ_Pyq_fadeIn\">de <\/span><span class=\"BZ_Pyq_fadeIn\">d\u00e9finir <\/span><span class=\"BZ_Pyq_fadeIn\">les <\/span><span class=\"BZ_Pyq_fadeIn\">r\u00e8gles <\/span><span class=\"BZ_Pyq_fadeIn\">du <\/span><span class=\"BZ_Pyq_fadeIn\">jeu <\/span><span class=\"BZ_Pyq_fadeIn\">d\u00e9mocratique.<\/span><\/p><p data-start=\"1439\" data-end=\"1560\"><span class=\"BZ_Pyq_fadeIn\">Une <\/span><span class=\"BZ_Pyq_fadeIn\">fois <\/span><span class=\"BZ_Pyq_fadeIn\">son <\/span><span class=\"BZ_Pyq_fadeIn\">travail <\/span><span class=\"BZ_Pyq_fadeIn\">termin\u00e9, <\/span><span class=\"BZ_Pyq_fadeIn\">le <\/span><span class=\"BZ_Pyq_fadeIn\">projet <\/span><span class=\"BZ_Pyq_fadeIn\">de <\/span><span class=\"BZ_Pyq_fadeIn\">Constitution <\/span><span class=\"BZ_Pyq_fadeIn\">est <\/span><span class=\"BZ_Pyq_fadeIn\">g\u00e9n\u00e9ralement <\/span><span class=\"BZ_Pyq_fadeIn\">soumis <\/span><span class=\"BZ_Pyq_fadeIn\">\u00e0 <\/span><span class=\"BZ_Pyq_fadeIn\">l\u2019approbation <\/span><span class=\"BZ_Pyq_fadeIn\">du <\/span><span class=\"BZ_Pyq_fadeIn\">peuple <\/span><span class=\"BZ_Pyq_fadeIn\">par <\/span><span class=\"BZ_Pyq_fadeIn\">r\u00e9f\u00e9rendum.<\/span><\/p>\t\t\t\t\t\t\t\t<\/div>\n\t\t\t\t<\/div>\n\t\t\t\t<\/div>\n\t\t\t\t<div class=\"elementor-element elementor-element-2fe92c8 elementor-widget elementor-widget-text-editor\" data-id=\"2fe92c8\" data-element_type=\"widget\" data-e-type=\"widget\" data-widget_type=\"text-editor.default\">\n\t\t\t\t\t\t\t\t\t<p style=\"text-align: center;\">La Constitution, c&#8217;est le texte.\u00a0<\/p><p style=\"text-align: center;\">La Constituante, c&#8217;est l&#8217;Assembl\u00e9e qui le r\u00e9dige.<\/p>\t\t\t\t\t\t\t\t<\/div>\n\t\t\t\t<\/div>\n\t\t<div class=\"elementor-element elementor-element-597c46f e-flex e-con-boxed e-con e-parent\" data-id=\"597c46f\" data-element_type=\"container\" data-e-type=\"container\">\n\t\t\t\t\t<div class=\"e-con-inner\">\n\t\t\t\t<div class=\"elementor-element elementor-element-f8021ed elementor-widget elementor-widget-heading\" data-id=\"f8021ed\" data-element_type=\"widget\" data-e-type=\"widget\" data-widget_type=\"heading.default\">\n\t\t\t\t\t<h2 class=\"elementor-heading-title elementor-size-default\">Articles de r\u00e9f\u00e9rence<\/h2>\t\t\t\t<\/div>\n\t\t\t\t<div class=\"elementor-element elementor-element-5651dfd elementor-widget elementor-widget-text-editor\" data-id=\"5651dfd\" data-element_type=\"widget\" data-e-type=\"widget\" data-widget_type=\"text-editor.default\">\n\t\t\t\t\t\t\t\t\t<p data-start=\"3411\" data-end=\"3436\">Pour approfondir la notion d\u2019Assembl\u00e9e constituante et ses implications d\u00e9mocratiques, l\u2019Association pour une Constituante a publi\u00e9 plusieurs analyses.<\/p>\t\t\t\t\t\t\t\t<\/div>\n\t\t\t\t<div class=\"elementor-element elementor-element-13ff56e elementor-align-center elementor-widget elementor-widget-button\" data-id=\"13ff56e\" data-element_type=\"widget\" data-e-type=\"widget\" data-widget_type=\"button.default\">\n\t\t\t\t\t\t\t\t\t\t<a class=\"elementor-button elementor-button-link elementor-size-sm elementor-animation-grow\" href=\"https:\/\/www.pouruneconstituante.com\/index.php\/articles-et-ressources\/articles\/\">\n\t\t\t\t\t\t<span class=\"elementor-button-content-wrapper\">\n\t\t\t\t\t\t\t\t\t<span class=\"elementor-button-text\">Voir tous les articles<\/span>\n\t\t\t\t\t<\/span>\n\t\t\t\t\t<\/a>\n\t\t\t\t\t\t\t\t<\/div>\n\t\t\t\t\t<\/div>\n\t\t\t\t<\/div>\n\t\t<div class=\"elementor-element elementor-element-84a643e e-flex e-con-boxed e-con e-parent\" data-id=\"84a643e\" data-element_type=\"container\" data-e-type=\"container\">\n\t\t\t\t\t<div class=\"e-con-inner\">\n\t\t<div class=\"elementor-element elementor-element-5113703 e-con-full e-flex e-con e-child\" data-id=\"5113703\" data-element_type=\"container\" data-e-type=\"container\">\n\t\t\t\t<div class=\"elementor-element elementor-element-b6b273d elementor-widget elementor-widget-heading\" data-id=\"b6b273d\" data-element_type=\"widget\" data-e-type=\"widget\" data-widget_type=\"heading.default\">\n\t\t\t\t\t<h2 class=\"elementor-heading-title elementor-size-default\">Pour en d\u00e9couvrir d'avantage<\/h2>\t\t\t\t<\/div>\n\t\t\t\t<div class=\"elementor-element elementor-element-e8a1ade elementor-widget elementor-widget-text-editor\" data-id=\"e8a1ade\" data-element_type=\"widget\" data-e-type=\"widget\" data-widget_type=\"text-editor.default\">\n\t\t\t\t\t\t\t\t\t<p>Si les assembl\u00e9es constituantes ont jalonn\u00e9 l\u2019histoire des d\u00e9mocraties, la question se pose aujourd\u2019hui \u00e0 nouveau en France face \u00e0 la crise de confiance dans les institutions.<\/p>\t\t\t\t\t\t\t\t<\/div>\n\t\t\t\t<\/div>\n\t\t<div class=\"elementor-element elementor-element-e1ca521 e-con-full e-flex e-con e-child\" data-id=\"e1ca521\" data-element_type=\"container\" data-e-type=\"container\">\n\t\t\t\t<div class=\"elementor-element elementor-element-de5ad1b elementor-align-center elementor-widget elementor-widget-button\" data-id=\"de5ad1b\" data-element_type=\"widget\" data-e-type=\"widget\" data-widget_type=\"button.default\">\n\t\t\t\t\t\t\t\t\t\t<a class=\"elementor-button elementor-button-link elementor-size-sm elementor-animation-grow\" href=\"https:\/\/www.pouruneconstituante.com\/index.php\/pourquoi-une-constituante\/\">\n\t\t\t\t\t\t<span class=\"elementor-button-content-wrapper\">\n\t\t\t\t\t\t\t\t\t<span class=\"elementor-button-text\">Pourquoi une Constituante aujourd\u2019hui ?<\/span>\n\t\t\t\t\t<\/span>\n\t\t\t\t\t<\/a>\n\t\t\t\t\t\t\t\t<\/div>\n\t\t\t\t<\/div>\n\t\t\t\t\t<\/div>\n\t\t\t\t<\/div>\n\t\t\t\t<\/div>\n\t\t","protected":false},"excerpt":{"rendered":"<p>D\u00e9finition et principes d\u2019une Assembl\u00e9e constituante Une Assembl\u00e9e constituante est une assembl\u00e9e \u00e9lue sp\u00e9cialement par les citoyens pour r\u00e9diger ou r\u00e9viser la Constitution. Elle a pour mission de d\u00e9finir les r\u00e8gles fondamentales qui organisent la vie politique : la r\u00e9partition des pouvoirs, le fonctionnement des institutions et les droits des citoyens. Contrairement aux assembl\u00e9es ordinaires, [&hellip;]<\/p>\n","protected":false},"author":1,"featured_media":0,"parent":23,"menu_order":0,"comment_status":"closed","ping_status":"closed","template":"","meta":{"ocean_post_layout":"","ocean_both_sidebars_style":"","ocean_both_sidebars_content_width":0,"ocean_both_sidebars_sidebars_width":0,"ocean_sidebar":"","ocean_second_sidebar":"","ocean_disable_margins":"enable","ocean_add_body_class":"","ocean_shortcode_before_top_bar":"","ocean_shortcode_after_top_bar":"","ocean_shortcode_before_header":"","ocean_shortcode_after_header":"","ocean_has_shortcode":"","ocean_shortcode_after_title":"","ocean_shortcode_before_footer_widgets":"","ocean_shortcode_after_footer_widgets":"","ocean_shortcode_before_footer_bottom":"","ocean_shortcode_after_footer_bottom":"","ocean_display_top_bar":"default","ocean_display_header":"default","ocean_header_style":"","ocean_center_header_left_menu":"","ocean_custom_header_template":"","ocean_custom_logo":0,"ocean_custom_retina_logo":0,"ocean_custom_logo_max_width":0,"ocean_custom_logo_tablet_max_width":0,"ocean_custom_logo_mobile_max_width":0,"ocean_custom_logo_max_height":0,"ocean_custom_logo_tablet_max_height":0,"ocean_custom_logo_mobile_max_height":0,"ocean_header_custom_menu":"","ocean_menu_typo_font_family":"","ocean_menu_typo_font_subset":"","ocean_menu_typo_font_size":0,"ocean_menu_typo_font_size_tablet":0,"ocean_menu_typo_font_size_mobile":0,"ocean_menu_typo_font_size_unit":"px","ocean_menu_typo_font_weight":"","ocean_menu_typo_font_weight_tablet":"","ocean_menu_typo_font_weight_mobile":"","ocean_menu_typo_transform":"","ocean_menu_typo_transform_tablet":"","ocean_menu_typo_transform_mobile":"","ocean_menu_typo_line_height":0,"ocean_menu_typo_line_height_tablet":0,"ocean_menu_typo_line_height_mobile":0,"ocean_menu_typo_line_height_unit":"","ocean_menu_typo_spacing":0,"ocean_menu_typo_spacing_tablet":0,"ocean_menu_typo_spacing_mobile":0,"ocean_menu_typo_spacing_unit":"","ocean_menu_link_color":"","ocean_menu_link_color_hover":"","ocean_menu_link_color_active":"","ocean_menu_link_background":"","ocean_menu_link_hover_background":"","ocean_menu_link_active_background":"","ocean_menu_social_links_bg":"","ocean_menu_social_hover_links_bg":"","ocean_menu_social_links_color":"","ocean_menu_social_hover_links_color":"","ocean_disable_title":"default","ocean_disable_heading":"default","ocean_post_title":"","ocean_post_subheading":"","ocean_post_title_style":"","ocean_post_title_background_color":"","ocean_post_title_background":0,"ocean_post_title_bg_image_position":"","ocean_post_title_bg_image_attachment":"","ocean_post_title_bg_image_repeat":"","ocean_post_title_bg_image_size":"","ocean_post_title_height":0,"ocean_post_title_bg_overlay":0.5,"ocean_post_title_bg_overlay_color":"","ocean_disable_breadcrumbs":"default","ocean_breadcrumbs_color":"","ocean_breadcrumbs_separator_color":"","ocean_breadcrumbs_links_color":"","ocean_breadcrumbs_links_hover_color":"","ocean_display_footer_widgets":"default","ocean_display_footer_bottom":"default","ocean_custom_footer_template":"","footnotes":""},"class_list":["post-31","page","type-page","status-publish","hentry","entry"],"_links":{"self":[{"href":"http:\/\/www.pouruneconstituante.com\/index.php\/wp-json\/wp\/v2\/pages\/31","targetHints":{"allow":["GET"]}}],"collection":[{"href":"http:\/\/www.pouruneconstituante.com\/index.php\/wp-json\/wp\/v2\/pages"}],"about":[{"href":"http:\/\/www.pouruneconstituante.com\/index.php\/wp-json\/wp\/v2\/types\/page"}],"author":[{"embeddable":true,"href":"http:\/\/www.pouruneconstituante.com\/index.php\/wp-json\/wp\/v2\/users\/1"}],"replies":[{"embeddable":true,"href":"http:\/\/www.pouruneconstituante.com\/index.php\/wp-json\/wp\/v2\/comments?post=31"}],"version-history":[{"count":22,"href":"http:\/\/www.pouruneconstituante.com\/index.php\/wp-json\/wp\/v2\/pages\/31\/revisions"}],"predecessor-version":[{"id":395,"href":"http:\/\/www.pouruneconstituante.com\/index.php\/wp-json\/wp\/v2\/pages\/31\/revisions\/395"}],"up":[{"embeddable":true,"href":"http:\/\/www.pouruneconstituante.com\/index.php\/wp-json\/wp\/v2\/pages\/23"}],"wp:attachment":[{"href":"http:\/\/www.pouruneconstituante.com\/index.php\/wp-json\/wp\/v2\/media?parent=31"}],"curies":[{"name":"wp","href":"https:\/\/api.w.org\/{rel}","templated":true}]}}