{"id":43,"date":"2026-03-10T08:07:27","date_gmt":"2026-03-10T08:07:27","guid":{"rendered":"https:\/\/www.pouruneconstituante.com\/?page_id=43"},"modified":"2026-04-03T07:29:06","modified_gmt":"2026-04-03T07:29:06","slug":"le-role-de-leurope","status":"publish","type":"page","link":"http:\/\/www.pouruneconstituante.com\/index.php\/pourquoi-une-constituante\/le-role-de-leurope\/","title":{"rendered":"Le r\u00f4le de l\u2019Europe"},"content":{"rendered":"\t\t<div data-elementor-type=\"wp-page\" data-elementor-id=\"43\" class=\"elementor elementor-43\">\n\t\t\t\t<div class=\"elementor-element elementor-element-649b3e2 e-flex e-con-boxed e-con e-parent\" data-id=\"649b3e2\" data-element_type=\"container\" data-e-type=\"container\">\n\t\t\t\t\t<div class=\"e-con-inner\">\n\t\t\t\t<div class=\"elementor-element elementor-element-03aaecf elementor-widget elementor-widget-text-editor\" data-id=\"03aaecf\" data-element_type=\"widget\" data-e-type=\"widget\" data-widget_type=\"text-editor.default\">\n\t\t\t\t\t\t\t\t\t<p data-start=\"5688\" data-end=\"5928\">L\u2019Union europ\u00e9enne est souvent pr\u00e9sent\u00e9e comme un cadre de coop\u00e9ration entre \u00c9tats. Mais elle est aussi devenue un centre autonome de production normative, dont les d\u00e9cisions s\u2019imposent de plus en plus largement aux l\u00e9gislations nationales.<\/p><p data-start=\"5930\" data-end=\"6216\">Cette \u00e9volution ne pose pas seulement une question de souverainet\u00e9. Elle pose une question d\u00e9mocratique plus fondamentale : que reste-t-il de la capacit\u00e9 d\u2019un peuple \u00e0 d\u00e9cider de ses propres r\u00e8gles lorsque celles-ci sont \u00e9labor\u00e9es, en grande partie, hors de son cadre politique direct ?<\/p>\t\t\t\t\t\t\t\t<\/div>\n\t\t\t\t\t<\/div>\n\t\t\t\t<\/div>\n\t\t<div class=\"elementor-element elementor-element-6baf857 e-flex e-con-boxed e-con e-parent\" data-id=\"6baf857\" data-element_type=\"container\" data-e-type=\"container\" data-settings=\"{&quot;background_background&quot;:&quot;classic&quot;}\">\n\t\t\t\t\t<div class=\"e-con-inner\">\n\t\t\t\t<div class=\"elementor-element elementor-element-fe845b3 elementor-widget elementor-widget-heading\" data-id=\"fe845b3\" data-element_type=\"widget\" data-e-type=\"widget\" data-widget_type=\"heading.default\">\n\t\t\t\t\t<h2 class=\"elementor-heading-title elementor-size-default\">Une machine \u00e0 produire des r\u00e8gles<\/h2>\t\t\t\t<\/div>\n\t\t\t\t<div class=\"elementor-element elementor-element-a7af5b1 elementor-widget elementor-widget-text-editor\" data-id=\"a7af5b1\" data-element_type=\"widget\" data-e-type=\"widget\" data-widget_type=\"text-editor.default\">\n\t\t\t\t\t\t\t\t\t<p data-start=\"6396\" data-end=\"6644\">L\u2019Union europ\u00e9enne exerce son pouvoir principalement par la norme. <strong>Directives, r\u00e8glements, jurisprudences, cadres budg\u00e9taires, politiques communes et exigences de conformit\u00e9<\/strong> dessinent un ordre juridique dense qui s\u2019impose ensuite aux \u00c9tats membres.<\/p><p data-start=\"6646\" data-end=\"6941\">Ce mode d\u2019action transforme la nature du pouvoir. Il ne s\u2019agit plus seulement de gouverner par des choix politiques d\u00e9battus devant un peuple, mais d\u2019organiser la vie collective \u00e0 travers une production continue de r\u00e8gles, souvent techniques, \u00e9labor\u00e9es \u00e0 distance du d\u00e9bat d\u00e9mocratique national.<\/p>\t\t\t\t\t\t\t\t<\/div>\n\t\t\t\t\t<\/div>\n\t\t\t\t<\/div>\n\t\t<div class=\"elementor-element elementor-element-419495c e-flex e-con-boxed e-con e-parent\" data-id=\"419495c\" data-element_type=\"container\" data-e-type=\"container\">\n\t\t\t\t\t<div class=\"e-con-inner\">\n\t\t\t\t<div class=\"elementor-element elementor-element-9e4533d elementor-widget elementor-widget-heading\" data-id=\"9e4533d\" data-element_type=\"widget\" data-e-type=\"widget\" data-widget_type=\"heading.default\">\n\t\t\t\t\t<h2 class=\"elementor-heading-title elementor-size-default\">En cons\u00e9quence, un pouvoir \u00e9loign\u00e9 du citoyen<\/h2>\t\t\t\t<\/div>\n\t\t\t\t<div class=\"elementor-element elementor-element-c04f1bb elementor-widget elementor-widget-text-editor\" data-id=\"c04f1bb\" data-element_type=\"widget\" data-e-type=\"widget\" data-widget_type=\"text-editor.default\">\n\t\t\t\t\t\t\t\t\t<p data-start=\"7227\" data-end=\"7473\">\u00c0 l\u2019\u00e9chelle nationale, les citoyens peuvent en principe identifier qui d\u00e9cide, sanctionner une majorit\u00e9, renverser un gouvernement, ou changer d\u2019orientation politique. \u00c0 l\u2019\u00e9chelle europ\u00e9enne, cette cha\u00eene d\u00e9mocratique devient beaucoup plus floue. L&#8217;appareil europ\u00e9en est tr\u00e8s incompris et le pouvoir qu&#8217;il exerce est per\u00e7u par les citoyens comme distant et contingent.\u00a0<\/p><p data-start=\"7475\" data-end=\"7828\">La Commission n\u2019est pas \u00e9lue directement. Le Parlement europ\u00e9en, m\u00eame \u00e9lu, ne correspond pas \u00e0 l\u2019expression d\u2019un peuple politique unique. Et pour les citoyens fran\u00e7ais, les repr\u00e9sentants fran\u00e7ais n\u2019y constituent qu\u2019une part minoritaire (~11%). Le r\u00e9sultat est un pouvoir plus \u00e9loign\u00e9, plus difficile \u00e0 contr\u00f4ler, et moins clairement imputable devant le peuple.<\/p><p data-start=\"7475\" data-end=\"7828\">Bien qu&#8217;\u00e9loign\u00e9, c&#8217;est insidieusement que l&#8217;Europe se rapproche, en s&#8217;arrogeant des comp\u00e9tences hors des trait\u00e9s et en renfor\u00e7ant son champ d&#8217;application.\u00a0<\/p>\t\t\t\t\t\t\t\t<\/div>\n\t\t\t\t\t<\/div>\n\t\t\t\t<\/div>\n\t\t<div class=\"elementor-element elementor-element-a434fa4 e-flex e-con-boxed e-con e-parent\" data-id=\"a434fa4\" data-element_type=\"container\" data-e-type=\"container\">\n\t\t\t\t\t<div class=\"e-con-inner\">\n\t\t\t\t<div class=\"elementor-element elementor-element-48cdfab elementor-widget elementor-widget-heading\" data-id=\"48cdfab\" data-element_type=\"widget\" data-e-type=\"widget\" data-widget_type=\"heading.default\">\n\t\t\t\t\t<h2 class=\"elementor-heading-title elementor-size-default\">L\u2019Europe dans le droit fran\u00e7ais<\/h2>\t\t\t\t<\/div>\n\t\t\t\t<div class=\"elementor-element elementor-element-3955aaf elementor-widget elementor-widget-text-editor\" data-id=\"3955aaf\" data-element_type=\"widget\" data-e-type=\"widget\" data-widget_type=\"text-editor.default\">\n\t\t\t\t\t\t\t\t\t<p data-start=\"8044\" data-end=\"8322\">Le r\u00f4le de l\u2019Union europ\u00e9enne ne se limite pas \u00e0 un horizon diplomatique ou \u00e9conomique. Il p\u00e9n\u00e8tre directement l\u2019ordre juridique fran\u00e7ais. Une part importante du droit applicable en France d\u00e9coule aujourd\u2019hui de d\u00e9cisions, de textes ou d\u2019orientations arr\u00eat\u00e9s au niveau europ\u00e9en.<\/p><p data-start=\"8324\" data-end=\"8594\">Cela se fait de plusieurs mani\u00e8res : par la transposition de directives, par l\u2019application directe des r\u00e8glements, par l\u2019adaptation de la l\u00e9gislation nationale \u00e0 des cadres europ\u00e9ens, ou encore par des d\u00e9crets et mesures d\u2019ex\u00e9cution conformes aux obligations de l\u2019Union.<\/p><p data-start=\"8596\" data-end=\"8814\">Les estimations varient sur la part exacte du droit national concern\u00e9e. Mais un fait demeure : une portion significative de la norme fran\u00e7aise est d\u00e9sormais produite hors du cadre de d\u00e9lib\u00e9ration d\u00e9mocratique national.<\/p>\t\t\t\t\t\t\t\t<\/div>\n\t\t\t\t\t<\/div>\n\t\t\t\t<\/div>\n\t\t<div class=\"elementor-element elementor-element-8060c31 e-flex e-con-boxed e-con e-parent\" data-id=\"8060c31\" data-element_type=\"container\" data-e-type=\"container\" data-settings=\"{&quot;background_background&quot;:&quot;classic&quot;}\">\n\t\t\t\t\t<div class=\"e-con-inner\">\n\t\t\t\t<div class=\"elementor-element elementor-element-46fa64e elementor-widget elementor-widget-heading\" data-id=\"46fa64e\" data-element_type=\"widget\" data-e-type=\"widget\" data-widget_type=\"heading.default\">\n\t\t\t\t\t<h2 class=\"elementor-heading-title elementor-size-default\">2005, le p\u00e9ch\u00e9 originel <\/h2>\t\t\t\t<\/div>\n\t\t\t\t<div class=\"elementor-element elementor-element-bcf1ba0 elementor-widget elementor-widget-text-editor\" data-id=\"bcf1ba0\" data-element_type=\"widget\" data-e-type=\"widget\" data-widget_type=\"text-editor.default\">\n\t\t\t\t\t\t\t\t\t<p data-start=\"9034\" data-end=\"9296\">Le r\u00e9f\u00e9rendum de 2005 a marqu\u00e9 un tournant d\u00e9cisif. Les Fran\u00e7ais ont rejet\u00e9 le trait\u00e9 \u00e9tablissant une Constitution pour l\u2019Europe. Ce vote aurait pu ouvrir un d\u00e9bat politique de fond sur les limites du projet europ\u00e9en et sur la place de la souverainet\u00e9 populaire.<\/p><p data-start=\"9298\" data-end=\"9675\">Il s\u2019est produit l\u2019inverse. Quelques ann\u00e9es plus tard, l\u2019essentiel de cette orientation a \u00e9t\u00e9 r\u00e9introduit sous une autre forme, par voie parlementaire. Ce moment a laiss\u00e9 une trace profonde : il a donn\u00e9 \u00e0 beaucoup le sentiment que, sur la question europ\u00e9enne, la volont\u00e9 populaire pouvait \u00eatre contourn\u00e9e lorsqu\u2019elle allait \u00e0 l\u2019encontre du projet poursuivi par les gouvernants.<\/p><p data-start=\"9677\" data-end=\"9837\">En ce sens, 2005 n\u2019est pas seulement un \u00e9pisode institutionnel. C\u2019est l\u2019un des moments o\u00f9 la crise d\u00e9mocratique fran\u00e7aise s\u2019est r\u00e9v\u00e9l\u00e9e avec le plus de nettet\u00e9.<\/p>\t\t\t\t\t\t\t\t<\/div>\n\t\t\t\t\t<\/div>\n\t\t\t\t<\/div>\n\t\t<div class=\"elementor-element elementor-element-767df1f e-flex e-con-boxed e-con e-parent\" data-id=\"767df1f\" data-element_type=\"container\" data-e-type=\"container\">\n\t\t\t\t\t<div class=\"e-con-inner\">\n\t\t\t\t<div class=\"elementor-element elementor-element-9b1b58b elementor-widget elementor-widget-heading\" data-id=\"9b1b58b\" data-element_type=\"widget\" data-e-type=\"widget\" data-widget_type=\"heading.default\">\n\t\t\t\t\t<h2 class=\"elementor-heading-title elementor-size-default\">De la souverainet\u00e9 populaire \u00e0 la gouvernance \u00e0 distance<\/h2>\t\t\t\t<\/div>\n\t\t\t\t<div class=\"elementor-element elementor-element-2ca277f elementor-widget elementor-widget-text-editor\" data-id=\"2ca277f\" data-element_type=\"widget\" data-e-type=\"widget\" data-widget_type=\"text-editor.default\">\n\t\t\t\t\t\t\t\t\t<p data-start=\"10022\" data-end=\"10275\">L\u2019Union europ\u00e9enne ne supprime pas formellement la d\u00e9mocratie nationale. Mais elle en r\u00e9duit la port\u00e9e effective en transf\u00e9rant une part croissante du pouvoir vers un niveau plus \u00e9loign\u00e9, plus technique et moins directement contr\u00f4lable par les citoyens.<\/p><p data-start=\"10277\" data-end=\"10472\">La question n\u2019est donc pas seulement celle de l\u2019Europe comme projet institutionnel. Elle est celle de la possibilit\u00e9, pour un peuple, de rester ma\u00eetre des r\u00e8gles qui organisent sa vie collective.<\/p>\t\t\t\t\t\t\t\t<\/div>\n\t\t\t\t\t<\/div>\n\t\t\t\t<\/div>\n\t\t<div class=\"elementor-element elementor-element-d27e233 e-flex e-con-boxed e-con e-parent\" data-id=\"d27e233\" data-element_type=\"container\" data-e-type=\"container\">\n\t\t\t\t\t<div class=\"e-con-inner\">\n\t\t\t\t<div class=\"elementor-element elementor-element-f3e29e5 elementor-widget elementor-widget-heading\" data-id=\"f3e29e5\" data-element_type=\"widget\" data-e-type=\"widget\" data-widget_type=\"heading.default\">\n\t\t\t\t\t<h2 class=\"elementor-heading-title elementor-size-default\">Qu'est-ce qu'une Constituante ?<\/h2>\t\t\t\t<\/div>\n\t\t\t\t<div class=\"elementor-element elementor-element-9a27cd2 elementor-widget elementor-widget-text-editor\" data-id=\"9a27cd2\" data-element_type=\"widget\" data-e-type=\"widget\" data-widget_type=\"text-editor.default\">\n\t\t\t\t\t\t\t\t\t<p>Si pour les raisons cit\u00e9es ici, il appara\u00eet rationnel et opportun d&#8217;organiser une France une Constituante, encore faut-il la comprendre et en d\u00e9finir les modalit\u00e9s d&#8217;applications.\u00a0<\/p>\t\t\t\t\t\t\t\t<\/div>\n\t\t\t\t<div class=\"elementor-element elementor-element-b4db7bd elementor-align-center elementor-widget elementor-widget-button\" data-id=\"b4db7bd\" data-element_type=\"widget\" data-e-type=\"widget\" data-widget_type=\"button.default\">\n\t\t\t\t\t\t\t\t\t\t<a class=\"elementor-button elementor-button-link elementor-size-sm elementor-animation-grow\" href=\"https:\/\/www.pouruneconstituante.com\/index.php\/quest-ce-quune-constituante\/\">\n\t\t\t\t\t\t<span class=\"elementor-button-content-wrapper\">\n\t\t\t\t\t\t\t\t\t<span class=\"elementor-button-text\">En savoir plus<\/span>\n\t\t\t\t\t<\/span>\n\t\t\t\t\t<\/a>\n\t\t\t\t\t\t\t\t<\/div>\n\t\t\t\t\t<\/div>\n\t\t\t\t<\/div>\n\t\t\t\t<\/div>\n\t\t","protected":false},"excerpt":{"rendered":"<p>L\u2019Union europ\u00e9enne est souvent pr\u00e9sent\u00e9e comme un cadre de coop\u00e9ration entre \u00c9tats. Mais elle est aussi devenue un centre autonome de production normative, dont les d\u00e9cisions s\u2019imposent de plus en plus largement aux l\u00e9gislations nationales. Cette \u00e9volution ne pose pas seulement une question de souverainet\u00e9. Elle pose une question d\u00e9mocratique plus fondamentale : que reste-t-il [&hellip;]<\/p>\n","protected":false},"author":1,"featured_media":0,"parent":25,"menu_order":0,"comment_status":"closed","ping_status":"closed","template":"","meta":{"ocean_post_layout":"","ocean_both_sidebars_style":"","ocean_both_sidebars_content_width":0,"ocean_both_sidebars_sidebars_width":0,"ocean_sidebar":"","ocean_second_sidebar":"","ocean_disable_margins":"enable","ocean_add_body_class":"","ocean_shortcode_before_top_bar":"","ocean_shortcode_after_top_bar":"","ocean_shortcode_before_header":"","ocean_shortcode_after_header":"","ocean_has_shortcode":"","ocean_shortcode_after_title":"","ocean_shortcode_before_footer_widgets":"","ocean_shortcode_after_footer_widgets":"","ocean_shortcode_before_footer_bottom":"","ocean_shortcode_after_footer_bottom":"","ocean_display_top_bar":"default","ocean_display_header":"default","ocean_header_style":"","ocean_center_header_left_menu":"","ocean_custom_header_template":"","ocean_custom_logo":0,"ocean_custom_retina_logo":0,"ocean_custom_logo_max_width":0,"ocean_custom_logo_tablet_max_width":0,"ocean_custom_logo_mobile_max_width":0,"ocean_custom_logo_max_height":0,"ocean_custom_logo_tablet_max_height":0,"ocean_custom_logo_mobile_max_height":0,"ocean_header_custom_menu":"","ocean_menu_typo_font_family":"","ocean_menu_typo_font_subset":"","ocean_menu_typo_font_size":0,"ocean_menu_typo_font_size_tablet":0,"ocean_menu_typo_font_size_mobile":0,"ocean_menu_typo_font_size_unit":"px","ocean_menu_typo_font_weight":"","ocean_menu_typo_font_weight_tablet":"","ocean_menu_typo_font_weight_mobile":"","ocean_menu_typo_transform":"","ocean_menu_typo_transform_tablet":"","ocean_menu_typo_transform_mobile":"","ocean_menu_typo_line_height":0,"ocean_menu_typo_line_height_tablet":0,"ocean_menu_typo_line_height_mobile":0,"ocean_menu_typo_line_height_unit":"","ocean_menu_typo_spacing":0,"ocean_menu_typo_spacing_tablet":0,"ocean_menu_typo_spacing_mobile":0,"ocean_menu_typo_spacing_unit":"","ocean_menu_link_color":"","ocean_menu_link_color_hover":"","ocean_menu_link_color_active":"","ocean_menu_link_background":"","ocean_menu_link_hover_background":"","ocean_menu_link_active_background":"","ocean_menu_social_links_bg":"","ocean_menu_social_hover_links_bg":"","ocean_menu_social_links_color":"","ocean_menu_social_hover_links_color":"","ocean_disable_title":"default","ocean_disable_heading":"default","ocean_post_title":"","ocean_post_subheading":"","ocean_post_title_style":"","ocean_post_title_background_color":"","ocean_post_title_background":0,"ocean_post_title_bg_image_position":"","ocean_post_title_bg_image_attachment":"","ocean_post_title_bg_image_repeat":"","ocean_post_title_bg_image_size":"","ocean_post_title_height":0,"ocean_post_title_bg_overlay":0.5,"ocean_post_title_bg_overlay_color":"","ocean_disable_breadcrumbs":"default","ocean_breadcrumbs_color":"","ocean_breadcrumbs_separator_color":"","ocean_breadcrumbs_links_color":"","ocean_breadcrumbs_links_hover_color":"","ocean_display_footer_widgets":"default","ocean_display_footer_bottom":"default","ocean_custom_footer_template":"","footnotes":""},"class_list":["post-43","page","type-page","status-publish","hentry","entry"],"_links":{"self":[{"href":"http:\/\/www.pouruneconstituante.com\/index.php\/wp-json\/wp\/v2\/pages\/43","targetHints":{"allow":["GET"]}}],"collection":[{"href":"http:\/\/www.pouruneconstituante.com\/index.php\/wp-json\/wp\/v2\/pages"}],"about":[{"href":"http:\/\/www.pouruneconstituante.com\/index.php\/wp-json\/wp\/v2\/types\/page"}],"author":[{"embeddable":true,"href":"http:\/\/www.pouruneconstituante.com\/index.php\/wp-json\/wp\/v2\/users\/1"}],"replies":[{"embeddable":true,"href":"http:\/\/www.pouruneconstituante.com\/index.php\/wp-json\/wp\/v2\/comments?post=43"}],"version-history":[{"count":4,"href":"http:\/\/www.pouruneconstituante.com\/index.php\/wp-json\/wp\/v2\/pages\/43\/revisions"}],"predecessor-version":[{"id":489,"href":"http:\/\/www.pouruneconstituante.com\/index.php\/wp-json\/wp\/v2\/pages\/43\/revisions\/489"}],"up":[{"embeddable":true,"href":"http:\/\/www.pouruneconstituante.com\/index.php\/wp-json\/wp\/v2\/pages\/25"}],"wp:attachment":[{"href":"http:\/\/www.pouruneconstituante.com\/index.php\/wp-json\/wp\/v2\/media?parent=43"}],"curies":[{"name":"wp","href":"https:\/\/api.w.org\/{rel}","templated":true}]}}