{"id":47,"date":"2026-03-10T08:09:25","date_gmt":"2026-03-10T08:09:25","guid":{"rendered":"https:\/\/www.pouruneconstituante.com\/?page_id=47"},"modified":"2026-04-01T13:45:01","modified_gmt":"2026-04-01T13:45:01","slug":"presentation-de-lassociation","status":"publish","type":"page","link":"http:\/\/www.pouruneconstituante.com\/index.php\/lassociation\/presentation-de-lassociation\/","title":{"rendered":"Pr\u00e9sentation de l&#8217;Association"},"content":{"rendered":"\t\t<div data-elementor-type=\"wp-page\" data-elementor-id=\"47\" class=\"elementor elementor-47\">\n\t\t\t\t<div class=\"elementor-element elementor-element-17bc0d9 e-con-full e-flex e-con e-parent\" data-id=\"17bc0d9\" data-element_type=\"container\" data-e-type=\"container\">\n\t\t\t\t<div class=\"elementor-element elementor-element-dc27bdb elementor-widget elementor-widget-video\" data-id=\"dc27bdb\" data-element_type=\"widget\" data-e-type=\"widget\" data-settings=\"{&quot;youtube_url&quot;:&quot;https:\\\/\\\/youtu.be\\\/CuTO40KPSJU&quot;,&quot;cc_load_policy&quot;:&quot;yes&quot;,&quot;video_type&quot;:&quot;youtube&quot;,&quot;controls&quot;:&quot;yes&quot;}\" data-widget_type=\"video.default\">\n\t\t\t\t\t\t\t<div class=\"elementor-wrapper elementor-open-inline\">\n\t\t\t<div class=\"elementor-video\"><\/div>\t\t<\/div>\n\t\t\t\t\t\t<\/div>\n\t\t\t\t<\/div>\n\t\t<div class=\"elementor-element elementor-element-876bfba e-flex e-con-boxed e-con e-parent\" data-id=\"876bfba\" data-element_type=\"container\" data-e-type=\"container\">\n\t\t\t\t\t<div class=\"e-con-inner\">\n\t\t\t\t<div class=\"elementor-element elementor-element-7a3bea6 e-n-tabs-mobile elementor-widget elementor-widget-n-tabs\" data-id=\"7a3bea6\" data-element_type=\"widget\" data-e-type=\"widget\" data-settings=\"{&quot;horizontal_scroll&quot;:&quot;disable&quot;}\" data-widget_type=\"nested-tabs.default\">\n\t\t\t\t\t\t\t<div class=\"e-n-tabs\" data-widget-number=\"128171686\" aria-label=\"Tabs. Open items with Enter or Space, close with Escape and navigate using the Arrow keys.\">\n\t\t\t<div class=\"e-n-tabs-heading\" role=\"tablist\">\n\t\t\t\t\t<button id=\"e-n-tab-title-1281716861\" data-tab-title-id=\"e-n-tab-title-1281716861\" class=\"e-n-tab-title\" aria-selected=\"true\" data-tab-index=\"1\" role=\"tab\" tabindex=\"0\" aria-controls=\"e-n-tab-content-1281716861\" style=\"--n-tabs-title-order: 1;\">\n\t\t\t\t\t\t<span class=\"e-n-tab-title-text\">\n\t\t\t\tNotre manifeste\t\t\t<\/span>\n\t\t<\/button>\n\t\t\t\t<button id=\"e-n-tab-title-1281716862\" data-tab-title-id=\"e-n-tab-title-1281716862\" class=\"e-n-tab-title\" aria-selected=\"false\" data-tab-index=\"2\" role=\"tab\" tabindex=\"-1\" aria-controls=\"e-n-tab-content-1281716862\" style=\"--n-tabs-title-order: 2;\">\n\t\t\t\t\t\t<span class=\"e-n-tab-title-text\">\n\t\t\t\tNotre histoire\t\t\t<\/span>\n\t\t<\/button>\n\t\t\t\t<button id=\"e-n-tab-title-1281716863\" data-tab-title-id=\"e-n-tab-title-1281716863\" class=\"e-n-tab-title\" aria-selected=\"false\" data-tab-index=\"3\" role=\"tab\" tabindex=\"-1\" aria-controls=\"e-n-tab-content-1281716863\" style=\"--n-tabs-title-order: 3;\">\n\t\t\t\t\t\t<span class=\"e-n-tab-title-text\">\n\t\t\t\tNos membres\t\t\t<\/span>\n\t\t<\/button>\n\t\t\t\t\t<\/div>\n\t\t\t<div class=\"e-n-tabs-content\">\n\t\t\t\t<div id=\"e-n-tab-content-1281716861\" role=\"tabpanel\" aria-labelledby=\"e-n-tab-title-1281716861\" data-tab-index=\"1\" style=\"--n-tabs-title-order: 1;\" class=\"e-active elementor-element elementor-element-4831e44 e-con-full e-flex e-con e-child\" data-id=\"4831e44\" data-element_type=\"container\" data-e-type=\"container\">\n\t\t\t\t<div class=\"elementor-element elementor-element-af6cc1b elementor-widget elementor-widget-text-editor\" data-id=\"af6cc1b\" data-element_type=\"widget\" data-e-type=\"widget\" data-widget_type=\"text-editor.default\">\n\t\t\t\t\t\t\t\t\t<header class=\"cartouche large-12 columns\"><div class=\"large-10 columns\"><h1 class=\"titre\">Manifeste<\/h1><p class=\"info-publi\">Samedi 25 octobre 2008,\u00a0<span class=\"auteurs\">par\u00a0<span class=\"vcard author\"><a class=\"url fn spip_in\" href=\"https:\/\/www.pouruneconstituante.fr\/spip.php?auteur28\">Association pour une Constituante<\/a><\/span><\/span><\/p><\/div><\/header><section class=\"surlignable large-12 columns\"><p><strong><i>Le texte qui suit est n\u00e9cessaire devant la d\u00e9gradation continue de la situation dans notre pays autant que dans l\u2019ensemble du monde. Il met en lumi\u00e8re les graves d\u00e9rives qui p\u00e8sent sur les citoyens et r\u00e9affirme des principes indispensables si l\u2019on veut trouver une issue pacifique et d\u00e9mocratique face \u00e0 l\u2019actuel d\u00e9sarroi. Cela \u00e9tant, il ne s\u2019agit pas d\u2019un texte sacr\u00e9. Il demande aussi r\u00e9actions, compl\u00e9ments, toutes choses indispensables si on veut faire vivre l\u2019id\u00e9e m\u00eame de la Constituante. Nombre de questions, de toutes fa\u00e7ons, ne pourront \u00eatre trait\u00e9es que par la Constituante elle-m\u00eame, mais cela n\u2019emp\u00eache pas d\u2019en faire d\u00e8s aujourd\u2019hui des \u00e9l\u00e9ments de d\u00e9bat.<\/i><\/strong><\/p><p><strong><i>A.B.<\/i><br class=\"autobr\" \/><\/strong><\/p><table class=\"table spip\"><tbody><tr class=\"row_odd odd\"><td><h2 class=\"spip\">R\u00c9TABLIR LA SOUVERAINET\u00c9 POPULAIRE<\/h2><\/td><\/tr><\/tbody><\/table><p><strong>Depuis des d\u00e9cennies, le pays est plong\u00e9 dans un marasme dont les cercles dirigeants des institutions politiques portent la responsabilit\u00e9. Le ch\u00f4mage de masse d\u00e9truit progressivement, depuis 1983, tous les rouages de la soci\u00e9t\u00e9. Les partis qui se sont succ\u00e9d\u00e9 au pouvoir ont choisi de s\u2019affranchir des principes de la d\u00e9mocratie r\u00e9publicaine pour accentuer les d\u00e9rives qui nous conduisent \u00e0 la catastrophe. La derni\u00e8re illustration de cette pratique dictatoriale est l\u2019adoption du trait\u00e9 constitutionnel europ\u00e9en qui, rejet\u00e9 par le peuple, lui est impos\u00e9 par les parlementaires, sous le nom de trait\u00e9 de Lisbonne. Ce v\u00e9ritable coup d\u2019\u00c9tat montre que c\u2019est bien sur le plan constitutionnel que les probl\u00e8mes se posent et que le peuple doit les r\u00e9soudre. Il est temps qu\u2019une Assembl\u00e9e constituante \u00e9lue au suffrage universel se r\u00e9unisse pour sortir le pays de la crise. L\u2019Association pour une Assembl\u00e9e Constituante se propose de promouvoir un mouvement qui popularise cet objectif.<\/strong><\/p><p><strong>Les constitutions naissent dans les crises. Le pays en vit une. En 2005, les classes dominantes ont ouvert une crise institutionnelle qui se surajoute \u00e0 la crise sociale, morale et politique. Elles ont voulu donner le nom de Constitution \u00e0 un trait\u00e9 de dictature internationale. Il appartient au peuple et \u00e0 lui seul de trouver les moyens de sortir de la crise, en \u00e9lisant ses repr\u00e9sentants pour \u00e9tablir la Constitution qui manque \u00e0 la Nation.<\/strong><\/p><table class=\"table spip\"><tbody><tr class=\"row_odd odd\"><td><h2 class=\"spip\">REVENIR \u00c0 LA D\u00c9MOCRATIE R\u00c9PUBLICAINE<\/h2><\/td><\/tr><\/tbody><\/table><p>La vie politique en France est aujourd\u2019hui pervertie. Des institutions nationales et internationales agissent au m\u00e9pris des r\u00e8gles de la d\u00e9mocratie et mettent en \u0153uvre une mondialisation qui broie les nations et les peuples. Leur droit \u00e0 disposer d\u2019eux-m\u00eames dispara\u00eet, comme le prouve le d\u00e9ni du vote du 29 mai 2005. Les acquis de la coh\u00e9sion sociale sont lamin\u00e9s. Les dirigeants d\u2019un bipartisme de plus en plus ill\u00e9gitime, unis sur le fond, s\u2019accordent pour modifier sans cesse et sans contr\u00f4le les institutions nationales autant que les r\u00e8gles europ\u00e9ennes qui, d\u00e9sormais, r\u00e9gentent la vie sociale et politique.<\/p><p>Il est urgent de mettre un terme \u00e0 ce jeu pervers, de d\u00e9passer les cadres moribonds d\u2019une pratique politique qui n\u2019a d\u2019autre perspective que d\u2019aggraver la situation du plus grand nombre. Il devient indispensable de rappeler que la seule source de l\u00e9gitimit\u00e9 d\u2019un pouvoir d\u00e9mocratique est la volont\u00e9 populaire. Face aux atteintes \u00e0 la d\u00e9mocratie et aux principes r\u00e9publicains, l\u2019Association pour une Constituante se donne pour but d\u2019agir et de mobiliser les citoyens pour que soit convoqu\u00e9e une Assembl\u00e9e Constituante \u00e9lue au suffrage universel direct. Elle se propose de populariser ce combat afin qu\u2019une comp\u00e9tition artificielle entre politiciens ne prive plus les citoyens de la ma\u00eetrise de leur destin.<\/p><p>En aucun cas l\u2019Association ne se fixe pour t\u00e2che d\u2019\u00e9laborer tout ou partie de la Constitution \u00e0 venir. Elle a la volont\u00e9 de mettre en lumi\u00e8re la situation qui conduit \u00e0 cette n\u00e9cessit\u00e9 et les raisons d\u2019agir, mais ne pr\u00e9tend pas que ses analyses soient les seules qui puissent motiver la convocation de l\u2019Assembl\u00e9e Constituante. Elle ne pr\u00e9tend pas que sa fa\u00e7on de d\u00e9noncer les d\u00e9rives des pouvoirs actuels pr\u00e9suppose quelque orientation que ce soit pour l\u2019avenir. Elle pr\u00e9tend seulement d\u00e9montrer que tout doit \u00eatre soumis \u00e0 la critique et qu\u2019aucune des r\u00e8gles qui ont cours aujourd\u2019hui ne peut \u00eatre consid\u00e9r\u00e9e comme sacro-sainte.<\/p><p>Une Constituante est le r\u00e9sultat d\u2019un mouvement d\u00e9mocratique de rassemblement. Dans un tel mouvement, le peuple se r\u00e9approprie la vie politique, en particulier en remettant \u00e0 plat les r\u00e8gles d\u2019un jeu institutionnel devenu incompr\u00e9hensible, de moins en moins l\u00e9gitime et porteur de dangers politiques et sociaux. Il s\u2019agit de r\u00e9activer une vie politique d\u00e9sormais confisqu\u00e9e par une \u00e9lite coopt\u00e9e qui emp\u00eache la repr\u00e9sentation r\u00e9elle de toutes les couches de la soci\u00e9t\u00e9 et de la diversit\u00e9 politique du pays, en pr\u00e9textant des contraintes, notamment \u00e9conomiques \u2013 qu\u2019elle met elle-m\u00eame en \u0153uvre.<\/p><p>Avec ce mouvement pour la convocation d\u2019une Constituante, l\u2019Association veut recr\u00e9er un espace public national aujourd\u2019hui d\u00e9mantel\u00e9 au profit d\u2019int\u00e9r\u00eats parcellaires. Son objectif est d\u2019ouvrir des perspectives concr\u00e8tes de la transformation sociale et politique. Le cadre d\u2019un tel mouvement est celui de la Nation, en tant que communaut\u00e9 politique de citoyens assumant un destin commun, qu\u2019ils entendent construire d\u00e9mocratiquement. Il s\u2019agit de la nation au sens o\u00f9 s\u2019affirme l\u2019int\u00e9r\u00eat public dans tous les domaines de l\u2019activit\u00e9 \u00e9conomique et sociale. Ce terme ne se confond pas avec celui de nationalisme, que les classes dirigeantes veulent lui amalgamer pour le discr\u00e9diter. Le cadre national, qui ne recoupe aucune d\u00e9finition ethnique ou confessionnelle, est celui qui permet l\u2019\u00e9galit\u00e9 des droits des citoyens sur tout le territoire, en opposition \u00e0 des droits diff\u00e9rents d\u2019une province \u00e0 l\u2019autre qui pr\u00e9valaient dans l\u2019Ancien R\u00e9gime et que les d\u00e9rives de la d\u00e9centralisation font redouter aujourd\u2019hui. La construction d\u2019institutions europ\u00e9ennes et internationales doit s\u2019inscrire dans le respect de la volont\u00e9 des peuples, exprim\u00e9e selon les proc\u00e9dures qu\u2019ils ont choisies eux-m\u00eames.<\/p><p>Les principes \u00e9nonc\u00e9s dans la D\u00e9claration des droits de l\u2019homme et du citoyen de 1789 ont conserv\u00e9 leur pleine actualit\u00e9 et doivent \u00eatre \u00e0 la base d\u2019un retour \u00e0 la d\u00e9mocratie r\u00e9publicaine. En particulier, il devient n\u00e9cessaire de r\u00e9tablir la r\u00e8gle selon laquelle nulle fraction de la Nation, nul individu ne peut exercer d\u2019autorit\u00e9, s\u2019il n\u2019en \u00e9mane express\u00e9ment. Or le pays est aujourd\u2019hui confront\u00e9 \u00e0 une oligarchie qui exerce tous les pouvoirs et qui enfonce la nation dans une crise \u00e9conomique et sociale d\u2019une gravit\u00e9 exceptionnelle. Elle rassemble, en une v\u00e9ritable caste, les dirigeants des tr\u00e8s grandes entreprises de la finance et de l\u2019industrie, y compris les m\u00e9dias, une partie grandissante de l\u2019Universit\u00e9 et les cercles dirigeants des partis institutionnels qui ont fait la campagne pour le oui au r\u00e9f\u00e9rendum de 2005. Pour marquer la domination de cette oligarchie, une majorit\u00e9 d\u2019\u00e9lus du S\u00e9nat et de \u00ab\u00a0repr\u00e9sentants\u00a0\u00bb \u00e0 l\u2019Assembl\u00e9e nationale ont accompli le v\u00e9ritable coup d\u2019\u00c9tat par lequel le non exprim\u00e9 par le peuple le 29 mai 2005 a \u00e9t\u00e9 effac\u00e9 par l\u2019approbation officielle du trait\u00e9 de Lisbonne. La nouvelle aristocratie pr\u00e9tend r\u00e9genter l\u2019activit\u00e9 \u00e9conomique, sociale et politique du pays au nom d\u2019int\u00e9r\u00eats \u00e9trangers \u00e0 la volont\u00e9 populaire. Les parlementaires qui en font partie ne se veulent pas les repr\u00e9sentants du peuple. Au contraire, ils veulent repr\u00e9senter les hautes sph\u00e8res qu\u2019ils fr\u00e9quentent aupr\u00e8s du peuple qu\u2019ils se donnent pour mission de guider.<\/p><p>Les r\u00e9sultats de ce m\u00e9pris de la volont\u00e9 populaire, tax\u00e9e de populisme pour les besoins de la cause, sont connus, au moins par ceux qui les subissent, si ce n\u2019est par ceux qui les organisent ou les laissent se d\u00e9velopper\u00a0: depuis des d\u00e9cennies, les difficult\u00e9s sociales, en particulier le ch\u00f4mage de masse, ont progressivement ravag\u00e9 la coh\u00e9sion sociale, transform\u00e9 des cit\u00e9s en ghettos, r\u00e9duit au d\u00e9sespoir une large partie de la jeunesse, aggrav\u00e9 la pr\u00e9carit\u00e9, les conditions de vie, de travail et de r\u00e9mun\u00e9ration de la majorit\u00e9 de la population.<\/p><p>En opposition \u00e0 cette pratique antid\u00e9mocratique, l\u2019Association veut donc agir pour que le peuple d\u00e9signe ses repr\u00e9sentants afin d\u2019\u00e9laborer un projet de constitution et, qu\u2019ensuite, un r\u00e9f\u00e9rendum constitutionnel soit organis\u00e9 pour approuver \u2013 ou pour rejeter \u2013 ce projet. Les membres de l\u2019association sont attach\u00e9s au progr\u00e8s social comme \u00e0 la libert\u00e9. Selon eux, la question politique n\u2019est pas le simple r\u00e9sultat des conditions \u00e9conomiques et sociales\u00a0; bien au contraire, la d\u00e9gradation de la d\u00e9mocratie depuis des d\u00e9cennies a permis la remise en cause de tout ce qui assure la coh\u00e9sion sociale et a raval\u00e9 la notion m\u00eame d\u2019int\u00e9r\u00eat g\u00e9n\u00e9ral en id\u00e9e creuse. Le r\u00e9tablissement de l\u2019exercice de l\u2019initiative et de la responsabilit\u00e9 politique permet seul de donner aux conditions \u00e9conomiques toute leur place, mais rien que leur place. L\u2019Association \u0153uvre \u00e0 permettre que la volont\u00e9 populaire s\u2019exprime et s\u2019exerce, sur ces questions comme sur toutes celles qui conditionnent la vie r\u00e9elle du peuple. Elle consid\u00e8re qu\u2019aucune des id\u00e9es qui na\u00eetront dans le mouvement n\u2019est \u00e0 \u00e9carter\u00a0<i>a priori<\/i>. \u00c0 l\u2019image des cahiers de dol\u00e9ance de 1789, les exigences ne peuvent \u00eatre d\u00e9finies par personne d\u2019autre que par les int\u00e9ress\u00e9s eux-m\u00eames. Il revient aux repr\u00e9sentants \u00e9lus dans le seul but de r\u00e9diger la Constitution de r\u00e9aliser la synth\u00e8se et de fondre dans un seul et m\u00eame mouvement les aspirations, parfois contradictoires en apparence, qui auront vu le jour. L\u2019Association consid\u00e8re qu\u2019il est temps de faire enfin confiance au peuple et aux repr\u00e9sentants que de nouvelles institutions d\u00e9mocratiques lui permettront de choisir pour faire \u00e9merger les mesures vigoureuses qu\u2019appelle la situation.<\/p><p>L\u2019Association, sans pr\u00e9juger de la Constitution nouvelle pour quoi elle milite, consid\u00e8re que les conditions de la s\u00e9paration des pouvoirs devront \u00eatre red\u00e9finies, alors qu\u2019aujourd\u2019hui, dans la pratique, l\u2019omnipotence de l\u2019ex\u00e9cutif, li\u00e9e \u00e0 l\u2019effacement progressif du Parlement, permet l\u2019av\u00e8nement d\u2019une n\u00e9faste judiciarisation de la soci\u00e9t\u00e9.<\/p><p>La Constituante devra assurer la repr\u00e9sentation du peuple dans son ensemble, c\u2019est-\u00e0-dire dans sa diversit\u00e9 g\u00e9ographique et sociale. Le mode d\u2019\u00e9lection sera d\u00e9terminant pour atteindre ce but et devra \u00eatre l\u2019objet de d\u00e9bats approfondis et de d\u00e9cisions claires. Il n\u2019est pas concevable qu\u2019une r\u00e9gion ou qu\u2019une ville accapare, par un moyen ou un autre, une majorit\u00e9 de la repr\u00e9sentation nationale ou en soit exclue. De m\u00eame, une quelconque oligarchie n\u2019a pas vocation \u00e0 monopoliser le pouvoir, e\u00fbt-elle \u00e0 sa disposition la majorit\u00e9 des moyens financiers et des relais d\u2019opinion que ces moyens assurent dans les m\u00e9dias nationaux.<\/p><p>Parmi les principes fondateurs de la R\u00e9publique, l\u2019Association consid\u00e8re que la la\u00efcit\u00e9 rev\u00eat une importance capitale. Alors que les services publics ont \u00e9t\u00e9 construits pour assurer la coh\u00e9sion sociale de la Nation en permettant \u00e0 tous, riches ou pauvres, d\u2019y acc\u00e9der, leur d\u00e9ch\u00e9ance, organis\u00e9e par les gouvernements successifs, a jet\u00e9 dans le besoin et dans l\u2019angoisse les couches les plus fragiles de la population. Elle a ouvert la voie \u00e0 des clerg\u00e9s qui, gr\u00e2ce \u00e0 leurs prolongements associatifs, favorisent l\u2019\u00e9clatement social en communautarismes. La Constituante devra examiner les conditions dans lesquelles la s\u00e9paration des \u00c9glises et de l\u2019\u00c9tat sera assur\u00e9e de mani\u00e8re p\u00e9renne et comment l\u2019\u00c9cole publique, l\u2019ensemble des services publics, doivent \u00eatre restaur\u00e9s dans leurs pr\u00e9rogatives et leurs moyens d\u2019action, pour assurer l\u2019\u00e9galit\u00e9 de tous les citoyens, quelles que soient leurs croyances religieuses ou leur absence de croyance sur ce point. Dans un domaine proche, l\u2019Assembl\u00e9e Constituante devra formuler les cadres g\u00e9n\u00e9raux des lois qui permettront d\u2019assurer l\u2019effectivit\u00e9 des services publics dus aux citoyens pour que leur \u00e9galit\u00e9 de droit ne reste pas un vain mot.<\/p><p>L\u2019Association n\u2019est pas un parti. Elle ne s\u2019oppose pas \u00e0 l\u2019existence et \u00e0 l\u2019\u00e9mergence de partis politiques. Au contraire, elle consid\u00e8re qu\u2019ils sont l\u2019expression de la volont\u00e9 populaire, chacun selon les suffrages qu\u2019il recueille et l\u2019action qu\u2019il conduit. Ils sont n\u00e9cessaires \u00e0 l\u2019\u00e9laboration de pens\u00e9es politiques qui doivent retrouver leur ind\u00e9pendance vis-\u00e0-vis des int\u00e9r\u00eats \u00e9troits qui d\u00e9terminent aujourd\u2019hui le bipartisme officiel. L\u2019Association constate que les partis qui exercent le pouvoir depuis plusieurs d\u00e9cennies ont pris des positions communes sur de nombreux sujets institutionnels, politiques, \u00e9conomiques et sociaux. Sur le plan institutionnel, ils ont particip\u00e9 \u00e0 la mise au point des trait\u00e9s de Maastricht et de Nice, puis au trait\u00e9 constitutionnel, enfin au trait\u00e9 de Lisbonne. L\u2019Association voit dans le processus constituant un moyen de revigorer l\u2019expression des aspirations de toutes les couches sociales du pays aujourd\u2019hui priv\u00e9es de repr\u00e9sentation politique. Elle consid\u00e8re que, par le suffrage universel, tous les citoyens, membres ou non de partis politiques, ont leur r\u00f4le \u00e0 jouer dans ce mouvement.<\/p><p>Il est temps de r\u00e9tablir l\u2019\u00e9galit\u00e9 de droit des citoyens, dans tous les domaines. La crise que traverse le pays, \u00e9conomique, sociale, morale, ne doit pas faire oublier que sa dimension politique est la plus cruciale. C\u2019est sur le plan politique que les solutions peuvent \u00eatre apport\u00e9es, \u00e0 condition que soit exprim\u00e9e et accomplie la volont\u00e9 du peuple, seul fondement de la l\u00e9gitimit\u00e9 des pouvoirs publics. C\u2019est pour retrouver cette l\u00e9gitimit\u00e9 disparue que doit enfin se r\u00e9unir une Assembl\u00e9e Constituante.<\/p><center><i>Novembre 2008<\/i><\/center><center><b>Association pour une Constituante<\/b><\/center><p>13 rue du Pr\u00e9 Saint Gervais 75019 Paris<\/p><\/section>\t\t\t\t\t\t\t\t<\/div>\n\t\t\t\t<\/div>\n\t\t<div id=\"e-n-tab-content-1281716862\" role=\"tabpanel\" aria-labelledby=\"e-n-tab-title-1281716862\" data-tab-index=\"2\" style=\"--n-tabs-title-order: 2;\" class=\" elementor-element elementor-element-4cd7990 e-con-full e-flex e-con e-child\" data-id=\"4cd7990\" data-element_type=\"container\" data-e-type=\"container\">\n\t\t\t\t<\/div>\n\t\t<div id=\"e-n-tab-content-1281716863\" role=\"tabpanel\" aria-labelledby=\"e-n-tab-title-1281716863\" data-tab-index=\"3\" style=\"--n-tabs-title-order: 3;\" class=\" elementor-element elementor-element-3451125 e-con-full e-flex e-con e-child\" data-id=\"3451125\" data-element_type=\"container\" data-e-type=\"container\">\n\t\t\t\t<\/div>\n\t\t\t\t\t<\/div>\n\t\t<\/div>\n\t\t\t\t\t\t<\/div>\n\t\t\t\t\t<\/div>\n\t\t\t\t<\/div>\n\t\t\t\t<\/div>\n\t\t","protected":false},"excerpt":{"rendered":"<p>Notre manifeste Notre histoire Nos membres Manifeste Samedi 25 octobre 2008,\u00a0par\u00a0Association pour une Constituante Le texte qui suit est n\u00e9cessaire devant la d\u00e9gradation continue de la situation dans notre pays autant que dans l\u2019ensemble du monde. Il met en lumi\u00e8re les graves d\u00e9rives qui p\u00e8sent sur les citoyens et r\u00e9affirme des principes indispensables si l\u2019on [&hellip;]<\/p>\n","protected":false},"author":1,"featured_media":0,"parent":27,"menu_order":0,"comment_status":"closed","ping_status":"closed","template":"","meta":{"ocean_post_layout":"","ocean_both_sidebars_style":"","ocean_both_sidebars_content_width":0,"ocean_both_sidebars_sidebars_width":0,"ocean_sidebar":"","ocean_second_sidebar":"","ocean_disable_margins":"enable","ocean_add_body_class":"","ocean_shortcode_before_top_bar":"","ocean_shortcode_after_top_bar":"","ocean_shortcode_before_header":"","ocean_shortcode_after_header":"","ocean_has_shortcode":"","ocean_shortcode_after_title":"","ocean_shortcode_before_footer_widgets":"","ocean_shortcode_after_footer_widgets":"","ocean_shortcode_before_footer_bottom":"","ocean_shortcode_after_footer_bottom":"","ocean_display_top_bar":"default","ocean_display_header":"default","ocean_header_style":"","ocean_center_header_left_menu":"","ocean_custom_header_template":"","ocean_custom_logo":0,"ocean_custom_retina_logo":0,"ocean_custom_logo_max_width":0,"ocean_custom_logo_tablet_max_width":0,"ocean_custom_logo_mobile_max_width":0,"ocean_custom_logo_max_height":0,"ocean_custom_logo_tablet_max_height":0,"ocean_custom_logo_mobile_max_height":0,"ocean_header_custom_menu":"","ocean_menu_typo_font_family":"","ocean_menu_typo_font_subset":"","ocean_menu_typo_font_size":0,"ocean_menu_typo_font_size_tablet":0,"ocean_menu_typo_font_size_mobile":0,"ocean_menu_typo_font_size_unit":"px","ocean_menu_typo_font_weight":"","ocean_menu_typo_font_weight_tablet":"","ocean_menu_typo_font_weight_mobile":"","ocean_menu_typo_transform":"","ocean_menu_typo_transform_tablet":"","ocean_menu_typo_transform_mobile":"","ocean_menu_typo_line_height":0,"ocean_menu_typo_line_height_tablet":0,"ocean_menu_typo_line_height_mobile":0,"ocean_menu_typo_line_height_unit":"","ocean_menu_typo_spacing":0,"ocean_menu_typo_spacing_tablet":0,"ocean_menu_typo_spacing_mobile":0,"ocean_menu_typo_spacing_unit":"","ocean_menu_link_color":"","ocean_menu_link_color_hover":"","ocean_menu_link_color_active":"","ocean_menu_link_background":"","ocean_menu_link_hover_background":"","ocean_menu_link_active_background":"","ocean_menu_social_links_bg":"","ocean_menu_social_hover_links_bg":"","ocean_menu_social_links_color":"","ocean_menu_social_hover_links_color":"","ocean_disable_title":"default","ocean_disable_heading":"default","ocean_post_title":"","ocean_post_subheading":"","ocean_post_title_style":"","ocean_post_title_background_color":"","ocean_post_title_background":0,"ocean_post_title_bg_image_position":"","ocean_post_title_bg_image_attachment":"","ocean_post_title_bg_image_repeat":"","ocean_post_title_bg_image_size":"","ocean_post_title_height":0,"ocean_post_title_bg_overlay":0.5,"ocean_post_title_bg_overlay_color":"","ocean_disable_breadcrumbs":"default","ocean_breadcrumbs_color":"","ocean_breadcrumbs_separator_color":"","ocean_breadcrumbs_links_color":"","ocean_breadcrumbs_links_hover_color":"","ocean_display_footer_widgets":"default","ocean_display_footer_bottom":"default","ocean_custom_footer_template":"","footnotes":""},"class_list":["post-47","page","type-page","status-publish","hentry","entry"],"_links":{"self":[{"href":"http:\/\/www.pouruneconstituante.com\/index.php\/wp-json\/wp\/v2\/pages\/47","targetHints":{"allow":["GET"]}}],"collection":[{"href":"http:\/\/www.pouruneconstituante.com\/index.php\/wp-json\/wp\/v2\/pages"}],"about":[{"href":"http:\/\/www.pouruneconstituante.com\/index.php\/wp-json\/wp\/v2\/types\/page"}],"author":[{"embeddable":true,"href":"http:\/\/www.pouruneconstituante.com\/index.php\/wp-json\/wp\/v2\/users\/1"}],"replies":[{"embeddable":true,"href":"http:\/\/www.pouruneconstituante.com\/index.php\/wp-json\/wp\/v2\/comments?post=47"}],"version-history":[{"count":7,"href":"http:\/\/www.pouruneconstituante.com\/index.php\/wp-json\/wp\/v2\/pages\/47\/revisions"}],"predecessor-version":[{"id":466,"href":"http:\/\/www.pouruneconstituante.com\/index.php\/wp-json\/wp\/v2\/pages\/47\/revisions\/466"}],"up":[{"embeddable":true,"href":"http:\/\/www.pouruneconstituante.com\/index.php\/wp-json\/wp\/v2\/pages\/27"}],"wp:attachment":[{"href":"http:\/\/www.pouruneconstituante.com\/index.php\/wp-json\/wp\/v2\/media?parent=47"}],"curies":[{"name":"wp","href":"https:\/\/api.w.org\/{rel}","templated":true}]}}